{"id":1871,"date":"2022-04-05T10:06:30","date_gmt":"2022-04-05T10:06:30","guid":{"rendered":"https:\/\/lednoplezanje.com\/cookie-notice\/"},"modified":"2022-04-05T10:06:32","modified_gmt":"2022-04-05T10:06:32","slug":"cookie-notice","status":"publish","type":"page","link":"https:\/\/lednoplezanje.com\/en\/cookie-notice\/","title":{"rendered":"Cookie notice"},"content":{"rendered":"\t\t<div data-elementor-type=\"wp-page\" data-elementor-id=\"1871\" class=\"elementor elementor-1871 elementor-1861\" data-elementor-post-type=\"page\">\n\t\t\t\t\t\t<section class=\"elementor-section elementor-top-section elementor-element elementor-element-6f336d4 elementor-section-boxed elementor-section-height-default elementor-section-height-default\" data-id=\"6f336d4\" data-element_type=\"section\" data-e-type=\"section\" data-settings=\"{&quot;jet_parallax_layout_list&quot;:[]}\">\n\t\t\t\t\t\t<div class=\"elementor-container elementor-column-gap-default\">\n\t\t\t\t\t<div class=\"elementor-column elementor-col-100 elementor-top-column elementor-element elementor-element-a9eedfd\" data-id=\"a9eedfd\" data-element_type=\"column\" data-e-type=\"column\">\n\t\t\t<div class=\"elementor-widget-wrap elementor-element-populated\">\n\t\t\t\t\t\t<div class=\"elementor-element elementor-element-7dd6b21 elementor-widget elementor-widget-heading\" data-id=\"7dd6b21\" data-element_type=\"widget\" data-e-type=\"widget\" data-widget_type=\"heading.default\">\n\t\t\t\t<div class=\"elementor-widget-container\">\n\t\t\t\t\t<h2 class=\"elementor-heading-title elementor-size-default\">About the use of cookies<\/h2>\t\t\t\t<\/div>\n\t\t\t\t<\/div>\n\t\t\t\t<div class=\"elementor-element elementor-element-34e0637 elementor-widget elementor-widget-text-editor\" data-id=\"34e0637\" data-element_type=\"widget\" data-e-type=\"widget\" data-widget_type=\"text-editor.default\">\n\t\t\t\t<div class=\"elementor-widget-container\">\n\t\t\t\t\t\t\t\t\t<p>his cookie policy explains what cookies are and how we use them, the types of cookies we use, ie. the information we collect through cookies and how this information is used and how to control cookie settings. For more information on how we use, store and protect your personal information, see our Privacy Policy.<\/p><p>You can change or revoke your consent to the cookie statement on our website at any time.<\/p><p>Read more about who we are, how you can contact us and how we process personal information in our Privacy Policy.<\/p><p>Your consent applies to the following domains: lednoplezanje.com<\/p><div class=\"cli_user_consent_state\">Your current state: No consent given. <a class=\"cli_manage_current_consent\" style=\"cursor:pointer;text-decoration:underline;\">Manage your consent.<\/a> <\/div>\t\t\t\t\t\t\t\t<\/div>\n\t\t\t\t<\/div>\n\t\t\t\t<div class=\"elementor-element elementor-element-72a1284 elementor-widget elementor-widget-heading\" data-id=\"72a1284\" data-element_type=\"widget\" data-e-type=\"widget\" data-widget_type=\"heading.default\">\n\t\t\t\t<div class=\"elementor-widget-container\">\n\t\t\t\t\t<h2 class=\"elementor-heading-title elementor-size-default\">What are cookies?<\/h2>\t\t\t\t<\/div>\n\t\t\t\t<\/div>\n\t\t\t\t<div class=\"elementor-element elementor-element-f17c418 elementor-widget elementor-widget-text-editor\" data-id=\"f17c418\" data-element_type=\"widget\" data-e-type=\"widget\" data-widget_type=\"text-editor.default\">\n\t\t\t\t<div class=\"elementor-widget-container\">\n\t\t\t\t\t\t\t\t\tCookies are small text files that are used to store small information. They are stored on your device when the website is loaded in your browser. These cookies help us make the website work properly, become more secure, provide a better user experience and understand how the website works, and analyze what works and where it needs to be improved.\t\t\t\t\t\t\t\t<\/div>\n\t\t\t\t<\/div>\n\t\t\t\t<div class=\"elementor-element elementor-element-c45f540 elementor-widget elementor-widget-heading\" data-id=\"c45f540\" data-element_type=\"widget\" data-e-type=\"widget\" data-widget_type=\"heading.default\">\n\t\t\t\t<div class=\"elementor-widget-container\">\n\t\t\t\t\t<h2 class=\"elementor-heading-title elementor-size-default\">How do we use cookies?<\/h2>\t\t\t\t<\/div>\n\t\t\t\t<\/div>\n\t\t\t\t<div class=\"elementor-element elementor-element-d3f4b28 elementor-widget elementor-widget-text-editor\" data-id=\"d3f4b28\" data-element_type=\"widget\" data-e-type=\"widget\" data-widget_type=\"text-editor.default\">\n\t\t\t\t<div class=\"elementor-widget-container\">\n\t\t\t\t\t\t\t\t\t<p>Like most online services, our website uses its own cookies and third-party cookies for multiple purposes. Your own cookies are mostly necessary for the proper functioning of the website and do not collect any of your personal information<\/p><p>The third-party cookies used on our website are primarily intended to understand how the website operates, interact with our website, protect our services, provide ads that are relevant to you, and generally provide you with a better and improved user experience and help speed up your future interactions with our site.<\/p>\t\t\t\t\t\t\t\t<\/div>\n\t\t\t\t<\/div>\n\t\t\t\t<div class=\"elementor-element elementor-element-ca41545 elementor-widget elementor-widget-heading\" data-id=\"ca41545\" data-element_type=\"widget\" data-e-type=\"widget\" data-widget_type=\"heading.default\">\n\t\t\t\t<div class=\"elementor-widget-container\">\n\t\t\t\t\t<h2 class=\"elementor-heading-title elementor-size-default\">What types of cookies do we use?<\/h2>\t\t\t\t<\/div>\n\t\t\t\t<\/div>\n\t\t\t\t<div class=\"elementor-element elementor-element-80bc3f8 elementor-widget elementor-widget-text-editor\" data-id=\"80bc3f8\" data-element_type=\"widget\" data-e-type=\"widget\" data-widget_type=\"text-editor.default\">\n\t\t\t\t<div class=\"elementor-widget-container\">\n\t\t\t\t\t\t\t\t\t<p><strong>Necessary:<\/strong> Some cookies are necessary so that you can experience the full functionality of our website. They allow us to maintain user sessions and prevent potential security threats. They do not collect or store any personal information For example, these cookies allow you to log in to your account and add products to your cart and make a purchase securely.<\/p><p><strong>Statistics:<\/strong> These cookies store information such as the number of visitors to the website, the number of unique visitors, which pages of the website have been visited, the source of the visit, etc. This information helps us understand and analyze how well a website is working. and where it needs to be improved.<\/p><p><strong>Advertising:<\/strong> Our website displays ads. These cookies are used to personalize the ads we display to you so that they are relevant to you. These cookies are used to personalize the ads we display to you so that they are relevant to you.<\/p><p>The information stored in these cookies may also be used by third-party ad providers to display ads on other websites in the browser.<\/p><p><strong>Functional:<\/strong> These are cookies that help some non-essential features of our site. These features include embedding content such as videos, or sharing site content on social media platforms.<\/p><p><strong>Settings:<\/strong> These cookies help us save your settings and browsing settings, such as language settings, so that you have a better and more efficient experience on future visits to the website.<\/p><p>The list below describes the cookies used on our website.<\/p><p>Pi\u0161kotki tretjih oseb, ki se uporabljajo na na\u0161em spletnem mestu, so v glavnem namenjeni razumevanju delovanja spletnega mesta, interakciji z na\u0161im spletnim mestom, varovanju na\u0161ih storitev, zagotavljanju oglasov, ki so pomembni za vas, in na splo\u0161no vam zagotavljajo bolj\u0161ega in izbolj\u0161anega uporabnika. izku\u0161nje in pomagajo pospe\u0161iti va\u0161e prihodnje interakcije z na\u0161im spletnim mestom.<\/p>\t\t\t\t\t\t\t\t<\/div>\n\t\t\t\t<\/div>\n\t\t\t\t<div class=\"elementor-element elementor-element-8cdbb66 elementor-widget elementor-widget-heading\" data-id=\"8cdbb66\" data-element_type=\"widget\" data-e-type=\"widget\" data-widget_type=\"heading.default\">\n\t\t\t\t<div class=\"elementor-widget-container\">\n\t\t\t\t\t<h2 class=\"elementor-heading-title elementor-size-default\">How can I control my cookie settings?<\/h2>\t\t\t\t<\/div>\n\t\t\t\t<\/div>\n\t\t\t\t<div class=\"elementor-element elementor-element-c81f425 elementor-widget elementor-widget-text-editor\" data-id=\"c81f425\" data-element_type=\"widget\" data-e-type=\"widget\" data-widget_type=\"text-editor.default\">\n\t\t\t\t<div class=\"elementor-widget-container\">\n\t\t\t\t\t\t\t\t\tIf you decide to change your settings later during the browsing session, you can click the \u201cPrivacy and Cookies Policy\u201d tab on the screen. This will re-display the consent notification, allowing you to change your settings or withdraw your consent altogether.\n\nIn addition, different browsers offer different methods for blocking and deleting cookies used by websites. You can change your browser settings by blocking \/ deleting cookies. To learn more about managing and deleting cookies, visit <a href=\"https:\/\/en.wikipedia.org\/wiki\/HTTP_cookie\" target=\"_blank\" rel=\"nofollow noopener\">wikipedia.org<\/a>, <a href=\"http:\/\/www.allaboutcookies.org\/\" target=\"_blank\" rel=\"nofollow noopener\">www.allaboutcookies.org.<\/a>\t\t\t\t\t\t\t\t<\/div>\n\t\t\t\t<\/div>\n\t\t\t\t\t<\/div>\n\t\t<\/div>\n\t\t\t\t\t<\/div>\n\t\t<\/section>\n\t\t\t\t<\/div>\n\t\t","protected":false},"excerpt":{"rendered":"<p>About the use of cookies his cookie policy explains what cookies are and how we use them, the types of cookies we use, ie. the information we collect through cookies and how this information is used and how to control cookie settings. For more information on how we use, store and protect your personal information, [&hellip;]<\/p>\n","protected":false},"author":1,"featured_media":0,"parent":0,"menu_order":0,"comment_status":"closed","ping_status":"closed","template":"","meta":{"footnotes":""},"class_list":["post-1871","page","type-page","status-publish","hentry"],"yoast_head":"<!-- This site is optimized with the Yoast SEO plugin v26.9 - https:\/\/yoast.com\/product\/yoast-seo-wordpress\/ -->\n<title>Cookie notice - Ledno Plezanje<\/title>\n<meta name=\"robots\" content=\"index, follow, max-snippet:-1, max-image-preview:large, max-video-preview:-1\" \/>\n<link rel=\"canonical\" href=\"https:\/\/lednoplezanje.com\/en\/cookie-notice\/\" \/>\n<meta property=\"og:locale\" content=\"en_US\" \/>\n<meta property=\"og:type\" content=\"article\" \/>\n<meta property=\"og:title\" content=\"Cookie notice - Ledno Plezanje\" \/>\n<meta property=\"og:description\" content=\"About the use of cookies his cookie policy explains what cookies are and how we use them, the types of cookies we use, ie. the information we collect through cookies and how this information is used and how to control cookie settings. For more information on how we use, store and protect your personal information, [&hellip;]\" \/>\n<meta property=\"og:url\" content=\"https:\/\/lednoplezanje.com\/en\/cookie-notice\/\" \/>\n<meta property=\"og:site_name\" content=\"Ledno Plezanje\" \/>\n<meta property=\"article:modified_time\" content=\"2022-04-05T10:06:32+00:00\" \/>\n<meta name=\"twitter:card\" content=\"summary_large_image\" \/>\n<meta name=\"twitter:label1\" content=\"Est. reading time\" \/>\n\t<meta name=\"twitter:data1\" content=\"3 minutes\" \/>\n<script type=\"application\/ld+json\" class=\"yoast-schema-graph\">{\"@context\":\"https:\/\/schema.org\",\"@graph\":[{\"@type\":\"WebPage\",\"@id\":\"https:\/\/lednoplezanje.com\/en\/cookie-notice\/\",\"url\":\"https:\/\/lednoplezanje.com\/en\/cookie-notice\/\",\"name\":\"Cookie notice - Ledno Plezanje\",\"isPartOf\":{\"@id\":\"https:\/\/lednoplezanje.com\/en\/#website\"},\"datePublished\":\"2022-04-05T10:06:30+00:00\",\"dateModified\":\"2022-04-05T10:06:32+00:00\",\"breadcrumb\":{\"@id\":\"https:\/\/lednoplezanje.com\/en\/cookie-notice\/#breadcrumb\"},\"inLanguage\":\"en-US\",\"potentialAction\":[{\"@type\":\"ReadAction\",\"target\":[\"https:\/\/lednoplezanje.com\/en\/cookie-notice\/\"]}]},{\"@type\":\"BreadcrumbList\",\"@id\":\"https:\/\/lednoplezanje.com\/en\/cookie-notice\/#breadcrumb\",\"itemListElement\":[{\"@type\":\"ListItem\",\"position\":1,\"name\":\"Home\",\"item\":\"https:\/\/lednoplezanje.com\/en\/\"},{\"@type\":\"ListItem\",\"position\":2,\"name\":\"Cookie notice\"}]},{\"@type\":\"WebSite\",\"@id\":\"https:\/\/lednoplezanje.com\/en\/#website\",\"url\":\"https:\/\/lednoplezanje.com\/en\/\",\"name\":\"Ledno Plezanje\",\"description\":\"Ledno plezali\u0161\u010de in \u017eive jaslice v ledu\",\"publisher\":{\"@id\":\"https:\/\/lednoplezanje.com\/en\/#organization\"},\"potentialAction\":[{\"@type\":\"SearchAction\",\"target\":{\"@type\":\"EntryPoint\",\"urlTemplate\":\"https:\/\/lednoplezanje.com\/en\/?s={search_term_string}\"},\"query-input\":{\"@type\":\"PropertyValueSpecification\",\"valueRequired\":true,\"valueName\":\"search_term_string\"}}],\"inLanguage\":\"en-US\"},{\"@type\":\"Organization\",\"@id\":\"https:\/\/lednoplezanje.com\/en\/#organization\",\"name\":\"\u0160portno dru\u0161tvo lednih plezalcev Mla\u010dca Mojstrana\",\"url\":\"https:\/\/lednoplezanje.com\/en\/\",\"logo\":{\"@type\":\"ImageObject\",\"inLanguage\":\"en-US\",\"@id\":\"https:\/\/lednoplezanje.com\/en\/#\/schema\/logo\/image\/\",\"url\":\"https:\/\/lednoplezanje.com\/wp-content\/uploads\/2022\/01\/Ledeno-kraljestvo.jpg\",\"contentUrl\":\"https:\/\/lednoplezanje.com\/wp-content\/uploads\/2022\/01\/Ledeno-kraljestvo.jpg\",\"width\":902,\"height\":489,\"caption\":\"\u0160portno dru\u0161tvo lednih plezalcev Mla\u010dca Mojstrana\"},\"image\":{\"@id\":\"https:\/\/lednoplezanje.com\/en\/#\/schema\/logo\/image\/\"}}]}<\/script>\n<!-- \/ Yoast SEO plugin. -->","yoast_head_json":{"title":"Cookie notice - Ledno Plezanje","robots":{"index":"index","follow":"follow","max-snippet":"max-snippet:-1","max-image-preview":"max-image-preview:large","max-video-preview":"max-video-preview:-1"},"canonical":"https:\/\/lednoplezanje.com\/en\/cookie-notice\/","og_locale":"en_US","og_type":"article","og_title":"Cookie notice - Ledno Plezanje","og_description":"About the use of cookies his cookie policy explains what cookies are and how we use them, the types of cookies we use, ie. the information we collect through cookies and how this information is used and how to control cookie settings. For more information on how we use, store and protect your personal information, [&hellip;]","og_url":"https:\/\/lednoplezanje.com\/en\/cookie-notice\/","og_site_name":"Ledno Plezanje","article_modified_time":"2022-04-05T10:06:32+00:00","twitter_card":"summary_large_image","twitter_misc":{"Est. reading time":"3 minutes"},"schema":{"@context":"https:\/\/schema.org","@graph":[{"@type":"WebPage","@id":"https:\/\/lednoplezanje.com\/en\/cookie-notice\/","url":"https:\/\/lednoplezanje.com\/en\/cookie-notice\/","name":"Cookie notice - Ledno Plezanje","isPartOf":{"@id":"https:\/\/lednoplezanje.com\/en\/#website"},"datePublished":"2022-04-05T10:06:30+00:00","dateModified":"2022-04-05T10:06:32+00:00","breadcrumb":{"@id":"https:\/\/lednoplezanje.com\/en\/cookie-notice\/#breadcrumb"},"inLanguage":"en-US","potentialAction":[{"@type":"ReadAction","target":["https:\/\/lednoplezanje.com\/en\/cookie-notice\/"]}]},{"@type":"BreadcrumbList","@id":"https:\/\/lednoplezanje.com\/en\/cookie-notice\/#breadcrumb","itemListElement":[{"@type":"ListItem","position":1,"name":"Home","item":"https:\/\/lednoplezanje.com\/en\/"},{"@type":"ListItem","position":2,"name":"Cookie notice"}]},{"@type":"WebSite","@id":"https:\/\/lednoplezanje.com\/en\/#website","url":"https:\/\/lednoplezanje.com\/en\/","name":"Ledno Plezanje","description":"Ledno plezali\u0161\u010de in \u017eive jaslice v ledu","publisher":{"@id":"https:\/\/lednoplezanje.com\/en\/#organization"},"potentialAction":[{"@type":"SearchAction","target":{"@type":"EntryPoint","urlTemplate":"https:\/\/lednoplezanje.com\/en\/?s={search_term_string}"},"query-input":{"@type":"PropertyValueSpecification","valueRequired":true,"valueName":"search_term_string"}}],"inLanguage":"en-US"},{"@type":"Organization","@id":"https:\/\/lednoplezanje.com\/en\/#organization","name":"\u0160portno dru\u0161tvo lednih plezalcev Mla\u010dca Mojstrana","url":"https:\/\/lednoplezanje.com\/en\/","logo":{"@type":"ImageObject","inLanguage":"en-US","@id":"https:\/\/lednoplezanje.com\/en\/#\/schema\/logo\/image\/","url":"https:\/\/lednoplezanje.com\/wp-content\/uploads\/2022\/01\/Ledeno-kraljestvo.jpg","contentUrl":"https:\/\/lednoplezanje.com\/wp-content\/uploads\/2022\/01\/Ledeno-kraljestvo.jpg","width":902,"height":489,"caption":"\u0160portno dru\u0161tvo lednih plezalcev Mla\u010dca Mojstrana"},"image":{"@id":"https:\/\/lednoplezanje.com\/en\/#\/schema\/logo\/image\/"}}]}},"_links":{"self":[{"href":"https:\/\/lednoplezanje.com\/en\/wp-json\/wp\/v2\/pages\/1871","targetHints":{"allow":["GET"]}}],"collection":[{"href":"https:\/\/lednoplezanje.com\/en\/wp-json\/wp\/v2\/pages"}],"about":[{"href":"https:\/\/lednoplezanje.com\/en\/wp-json\/wp\/v2\/types\/page"}],"author":[{"embeddable":true,"href":"https:\/\/lednoplezanje.com\/en\/wp-json\/wp\/v2\/users\/1"}],"replies":[{"embeddable":true,"href":"https:\/\/lednoplezanje.com\/en\/wp-json\/wp\/v2\/comments?post=1871"}],"version-history":[{"count":3,"href":"https:\/\/lednoplezanje.com\/en\/wp-json\/wp\/v2\/pages\/1871\/revisions"}],"predecessor-version":[{"id":1874,"href":"https:\/\/lednoplezanje.com\/en\/wp-json\/wp\/v2\/pages\/1871\/revisions\/1874"}],"wp:attachment":[{"href":"https:\/\/lednoplezanje.com\/en\/wp-json\/wp\/v2\/media?parent=1871"}],"curies":[{"name":"wp","href":"https:\/\/api.w.org\/{rel}","templated":true}]}}